{"id":557,"date":"2021-02-25T06:15:06","date_gmt":"2021-02-25T05:15:06","guid":{"rendered":"https:\/\/formation.aqpamm.ca\/tastaplace\/?page_id=557"},"modified":"2021-03-30T23:33:51","modified_gmt":"2021-03-30T21:33:51","slug":"deroulement-de-la-formation","status":"publish","type":"page","link":"https:\/\/formation.aqpamm.ca\/tastaplace\/volet-intervenant%c2%b7e%c2%b7s\/introduction\/deroulement-de-la-formation\/","title":{"rendered":"D\u00e9roulement de la formation"},"content":{"rendered":"\n<p class=\"has-text-align-center\">Cette formation a pour but de vous aider \u00e0 accompagner trois jeunes vivant avec un trouble de sant\u00e9 mentale.<\/p>\n\n\n\n<div class=\"wp-block-image\"><figure class=\"aligncenter size-large\"><img loading=\"lazy\" decoding=\"async\" width=\"275\" height=\"169\" src=\"https:\/\/formation.aqpamm.ca\/tastaplace\/wp-content\/uploads\/2021\/02\/cerveau-yoga-bulles.png\" alt=\"\" class=\"wp-image-472\"\/><\/figure><\/div>\n\n\n\n<ul class=\"wp-block-list\"><li>Module 1 : Mieux comprendre les probl\u00e9matiques de sant\u00e9 mentale<\/li><li>Module 2 : Agir aupr\u00e8s d\u2019un jeune<\/li><li>Module 3: Soutenir un jeune en contexte de pand\u00e9mie<\/li><\/ul>\n","protected":false},"excerpt":{"rendered":"<p>Cette formation a pour but de vous aider \u00e0 accompagner trois jeunes vivant avec un trouble de sant\u00e9 mentale. Module 1 : Mieux comprendre les probl\u00e9matiques de sant\u00e9 mentale Module 2 : Agir aupr\u00e8s d\u2019un jeune Module 3: Soutenir un jeune en contexte de pand\u00e9mie [&#8230;]<\/p>\n<p><a class=\"btn btn-secondary understrap-read-more-link\" href=\"https:\/\/formation.aqpamm.ca\/tastaplace\/volet-intervenant%c2%b7e%c2%b7s\/introduction\/deroulement-de-la-formation\/\">Lire la suite\u2026<span class=\"screen-reader-text\"> from D\u00e9roulement de la formation<\/span><\/a><\/p>\n","protected":false},"author":1,"featured_media":386,"parent":552,"menu_order":102,"comment_status":"closed","ping_status":"closed","template":"page-featuredImage.php","meta":{"_monsterinsights_skip_tracking":false,"_monsterinsights_sitenote_active":false,"_monsterinsights_sitenote_note":"","_monsterinsights_sitenote_category":0,"footnotes":""},"class_list":["post-557","page","type-page","status-publish","has-post-thumbnail","hentry"],"_links":{"self":[{"href":"https:\/\/formation.aqpamm.ca\/tastaplace\/wp-json\/wp\/v2\/pages\/557","targetHints":{"allow":["GET"]}}],"collection":[{"href":"https:\/\/formation.aqpamm.ca\/tastaplace\/wp-json\/wp\/v2\/pages"}],"about":[{"href":"https:\/\/formation.aqpamm.ca\/tastaplace\/wp-json\/wp\/v2\/types\/page"}],"author":[{"embeddable":true,"href":"https:\/\/formation.aqpamm.ca\/tastaplace\/wp-json\/wp\/v2\/users\/1"}],"replies":[{"embeddable":true,"href":"https:\/\/formation.aqpamm.ca\/tastaplace\/wp-json\/wp\/v2\/comments?post=557"}],"version-history":[{"count":3,"href":"https:\/\/formation.aqpamm.ca\/tastaplace\/wp-json\/wp\/v2\/pages\/557\/revisions"}],"predecessor-version":[{"id":884,"href":"https:\/\/formation.aqpamm.ca\/tastaplace\/wp-json\/wp\/v2\/pages\/557\/revisions\/884"}],"up":[{"embeddable":true,"href":"https:\/\/formation.aqpamm.ca\/tastaplace\/wp-json\/wp\/v2\/pages\/552"}],"wp:featuredmedia":[{"embeddable":true,"href":"https:\/\/formation.aqpamm.ca\/tastaplace\/wp-json\/wp\/v2\/media\/386"}],"wp:attachment":[{"href":"https:\/\/formation.aqpamm.ca\/tastaplace\/wp-json\/wp\/v2\/media?parent=557"}],"curies":[{"name":"wp","href":"https:\/\/api.w.org\/{rel}","templated":true}]}}