{"id":575,"date":"2021-02-27T03:44:32","date_gmt":"2021-02-27T02:44:32","guid":{"rendered":"https:\/\/formation.aqpamm.ca\/tastaplace\/?page_id=575"},"modified":"2021-02-27T05:10:17","modified_gmt":"2021-02-27T04:10:17","slug":"la-definition-de-la-sante-mentale-2-2","status":"publish","type":"page","link":"https:\/\/formation.aqpamm.ca\/tastaplace\/volet-intervenant%c2%b7e%c2%b7s\/module-1\/la-definition-de-la-sante-mentale-2-2\/","title":{"rendered":"La d\u00e9finition de la sant\u00e9 mentale"},"content":{"rendered":"\n<p class=\"has-text-color\" style=\"color:#0024ba\"><strong>Tous les \u00eatres humains ont une sant\u00e9 mentale<\/strong><\/p>\n\n\n\n<p>La sant\u00e9 mentale est une composante essentielle \u00e0 la sant\u00e9 g\u00e9n\u00e9rale, \u00e0 la productivit\u00e9 et au sentiment de bien-\u00eatre. Elle permet de faire face aux difficult\u00e9s de la vie, de s\u2019adapter et peut fluctuer au cours de la vie.<\/p>\n\n\n\n<p>Elle repose sur un \u00e9quilibre entre les diff\u00e9rentes sph\u00e8res de la vie (physique, sociale, \u00e9conomique, \u00e9motionnelle, spirituelle et mentale).<\/p>\n\n\n\n<p class=\"has-text-color\" style=\"color:#0024ba\"><strong>La sant\u00e9 mentale est plus que l\u2019absence de maladie<\/strong><\/p>\n\n\n\n<p>Il est possible qu\u2019une personne soit heureuse et \u00e9panouie, malgr\u00e9 la pr\u00e9sence d\u2019un trouble de la sant\u00e9 mentale. De m\u00eame qu\u2019une personne peut vivre de la d\u00e9tresse \u00e0 la suite d\u2019un \u00e9v\u00e9nement difficile comme une rupture amoureuse sans avoir un trouble de sant\u00e9 mentale.<\/p>\n","protected":false},"excerpt":{"rendered":"<p>Tous les \u00eatres humains ont une sant\u00e9 mentale La sant\u00e9 mentale est une composante essentielle \u00e0 la sant\u00e9 g\u00e9n\u00e9rale, \u00e0 la productivit\u00e9 et au sentiment de bien-\u00eatre. Elle permet de faire face aux difficult\u00e9s de la vie, de s\u2019adapter et peut fluctuer au cours de la vie. Elle repose sur un \u00e9quilibre entre les diff\u00e9rentes [&#8230;]<\/p>\n<p><a class=\"btn btn-secondary understrap-read-more-link\" href=\"https:\/\/formation.aqpamm.ca\/tastaplace\/volet-intervenant%c2%b7e%c2%b7s\/module-1\/la-definition-de-la-sante-mentale-2-2\/\">Lire la suite\u2026<span class=\"screen-reader-text\"> from La d\u00e9finition de la sant\u00e9 mentale<\/span><\/a><\/p>\n","protected":false},"author":1,"featured_media":0,"parent":564,"menu_order":108,"comment_status":"closed","ping_status":"closed","template":"","meta":{"_monsterinsights_skip_tracking":false,"_monsterinsights_sitenote_active":false,"_monsterinsights_sitenote_note":"","_monsterinsights_sitenote_category":0,"footnotes":""},"class_list":["post-575","page","type-page","status-publish","hentry"],"_links":{"self":[{"href":"https:\/\/formation.aqpamm.ca\/tastaplace\/wp-json\/wp\/v2\/pages\/575","targetHints":{"allow":["GET"]}}],"collection":[{"href":"https:\/\/formation.aqpamm.ca\/tastaplace\/wp-json\/wp\/v2\/pages"}],"about":[{"href":"https:\/\/formation.aqpamm.ca\/tastaplace\/wp-json\/wp\/v2\/types\/page"}],"author":[{"embeddable":true,"href":"https:\/\/formation.aqpamm.ca\/tastaplace\/wp-json\/wp\/v2\/users\/1"}],"replies":[{"embeddable":true,"href":"https:\/\/formation.aqpamm.ca\/tastaplace\/wp-json\/wp\/v2\/comments?post=575"}],"version-history":[{"count":2,"href":"https:\/\/formation.aqpamm.ca\/tastaplace\/wp-json\/wp\/v2\/pages\/575\/revisions"}],"predecessor-version":[{"id":577,"href":"https:\/\/formation.aqpamm.ca\/tastaplace\/wp-json\/wp\/v2\/pages\/575\/revisions\/577"}],"up":[{"embeddable":true,"href":"https:\/\/formation.aqpamm.ca\/tastaplace\/wp-json\/wp\/v2\/pages\/564"}],"wp:attachment":[{"href":"https:\/\/formation.aqpamm.ca\/tastaplace\/wp-json\/wp\/v2\/media?parent=575"}],"curies":[{"name":"wp","href":"https:\/\/api.w.org\/{rel}","templated":true}]}}