{"id":580,"date":"2021-02-27T04:02:03","date_gmt":"2021-02-27T03:02:03","guid":{"rendered":"https:\/\/formation.aqpamm.ca\/tastaplace\/?page_id=580"},"modified":"2021-02-27T05:10:30","modified_gmt":"2021-02-27T04:10:30","slug":"la-definition-dune-trouble-de-sante-mentale","status":"publish","type":"page","link":"https:\/\/formation.aqpamm.ca\/tastaplace\/volet-intervenant%c2%b7e%c2%b7s\/module-1\/la-definition-dune-trouble-de-sante-mentale\/","title":{"rendered":"La d\u00e9finition d\u2019une trouble de sant\u00e9 mentale"},"content":{"rendered":"\n<p>Trois crit\u00e8res doivent \u00eatre pr\u00e9sents pour parler d\u2019un trouble de sant\u00e9 mentale.<br>Clique sur les boutons pour les d\u00e9couvrir.<br><br><code><div class=\"h5p-iframe-wrapper\"><iframe id=\"h5p-iframe-4\" class=\"h5p-iframe\" data-content-id=\"4\" style=\"height:1px\" src=\"about:blank\" frameBorder=\"0\" scrolling=\"no\" title=\"Jeunes - page 5\"><\/iframe><\/div><\/code><\/p>\n\n\n\n<p><\/p>\n","protected":false},"excerpt":{"rendered":"<p>Trois crit\u00e8res doivent \u00eatre pr\u00e9sents pour parler d\u2019un trouble de sant\u00e9 mentale.Clique sur les boutons pour les d\u00e9couvrir. [&#8230;]<\/p>\n<p><a class=\"btn btn-secondary understrap-read-more-link\" href=\"https:\/\/formation.aqpamm.ca\/tastaplace\/volet-intervenant%c2%b7e%c2%b7s\/module-1\/la-definition-dune-trouble-de-sante-mentale\/\">Lire la suite\u2026<span class=\"screen-reader-text\"> from La d\u00e9finition d\u2019une trouble de sant\u00e9 mentale<\/span><\/a><\/p>\n","protected":false},"author":1,"featured_media":0,"parent":564,"menu_order":110,"comment_status":"closed","ping_status":"closed","template":"","meta":{"_monsterinsights_skip_tracking":false,"_monsterinsights_sitenote_active":false,"_monsterinsights_sitenote_note":"","_monsterinsights_sitenote_category":0,"footnotes":""},"class_list":["post-580","page","type-page","status-publish","hentry"],"_links":{"self":[{"href":"https:\/\/formation.aqpamm.ca\/tastaplace\/wp-json\/wp\/v2\/pages\/580","targetHints":{"allow":["GET"]}}],"collection":[{"href":"https:\/\/formation.aqpamm.ca\/tastaplace\/wp-json\/wp\/v2\/pages"}],"about":[{"href":"https:\/\/formation.aqpamm.ca\/tastaplace\/wp-json\/wp\/v2\/types\/page"}],"author":[{"embeddable":true,"href":"https:\/\/formation.aqpamm.ca\/tastaplace\/wp-json\/wp\/v2\/users\/1"}],"replies":[{"embeddable":true,"href":"https:\/\/formation.aqpamm.ca\/tastaplace\/wp-json\/wp\/v2\/comments?post=580"}],"version-history":[{"count":2,"href":"https:\/\/formation.aqpamm.ca\/tastaplace\/wp-json\/wp\/v2\/pages\/580\/revisions"}],"predecessor-version":[{"id":582,"href":"https:\/\/formation.aqpamm.ca\/tastaplace\/wp-json\/wp\/v2\/pages\/580\/revisions\/582"}],"up":[{"embeddable":true,"href":"https:\/\/formation.aqpamm.ca\/tastaplace\/wp-json\/wp\/v2\/pages\/564"}],"wp:attachment":[{"href":"https:\/\/formation.aqpamm.ca\/tastaplace\/wp-json\/wp\/v2\/media?parent=580"}],"curies":[{"name":"wp","href":"https:\/\/api.w.org\/{rel}","templated":true}]}}