{"id":603,"date":"2021-02-27T05:02:20","date_gmt":"2021-02-27T04:02:20","guid":{"rendered":"https:\/\/formation.aqpamm.ca\/tastaplace\/?page_id=603"},"modified":"2021-02-27T05:25:19","modified_gmt":"2021-02-27T04:25:19","slug":"les-4-facteurs-dinfluence-1","status":"publish","type":"page","link":"https:\/\/formation.aqpamm.ca\/tastaplace\/volet-intervenant%c2%b7e%c2%b7s\/module-1\/les-4-facteurs-dinfluence-1\/","title":{"rendered":"Les 4 facteurs d&rsquo;influence"},"content":{"rendered":"\n<figure class=\"wp-block-image size-large decouverte_img\"><img decoding=\"async\" src=\"https:\/\/formation.aqpamm.ca\/tastaplace\/wp-content\/uploads\/2021\/01\/cerveau-balance.png\" alt=\"\" class=\"wp-image-412\"\/><\/figure>\n\n\n\n<h3 class=\"decouverte_sousTitre wp-block-heading\">Facteurs biologiques (corps, g\u00e9n\u00e9tique, cerveau)<\/h3>\n\n\n\n<p>Plusieurs facteurs biologiques peuvent contribuer au d\u00e9veloppement d\u2019un trouble de sant\u00e9 mentale.&nbsp;<\/p>\n\n\n\n<p><strong>H\u00e9r\u00e9dit\u00e9<\/strong><br>Certains troubles de sant\u00e9 mentale peuvent \u00eatre en partie h\u00e9r\u00e9ditaires.<\/p>\n\n\n\n<p><strong>\u00c9quilibre chimique du cerveau&nbsp;<\/strong><br>Il peut \u00eatre influenc\u00e9 par un stress prolong\u00e9 ou une consommation de substances psychotropes (drogues, alcool, etc).<\/p>\n\n\n\n<p><strong>Maladies<\/strong><br>\u00catre atteint d\u2019une maladie grave (ex. cancer) ou chronique peut entra\u00eener le d\u00e9veloppement d\u2019un trouble de sant\u00e9 mentale.<\/p>\n","protected":false},"excerpt":{"rendered":"<p>Facteurs biologiques (corps, g\u00e9n\u00e9tique, cerveau) Plusieurs facteurs biologiques peuvent contribuer au d\u00e9veloppement d\u2019un trouble de sant\u00e9 mentale.&nbsp; H\u00e9r\u00e9dit\u00e9Certains troubles de sant\u00e9 mentale peuvent \u00eatre en partie h\u00e9r\u00e9ditaires. \u00c9quilibre chimique du cerveau&nbsp;Il peut \u00eatre influenc\u00e9 par un stress prolong\u00e9 ou une consommation de substances psychotropes (drogues, alcool, etc). Maladies\u00catre atteint d\u2019une maladie grave (ex. cancer) ou [&#8230;]<\/p>\n<p><a class=\"btn btn-secondary understrap-read-more-link\" href=\"https:\/\/formation.aqpamm.ca\/tastaplace\/volet-intervenant%c2%b7e%c2%b7s\/module-1\/les-4-facteurs-dinfluence-1\/\">Lire la suite\u2026<span class=\"screen-reader-text\"> from Les 4 facteurs d&rsquo;influence<\/span><\/a><\/p>\n","protected":false},"author":1,"featured_media":0,"parent":564,"menu_order":120,"comment_status":"closed","ping_status":"closed","template":"","meta":{"_monsterinsights_skip_tracking":false,"_monsterinsights_sitenote_active":false,"_monsterinsights_sitenote_note":"","_monsterinsights_sitenote_category":0,"footnotes":""},"class_list":["post-603","page","type-page","status-publish","hentry"],"_links":{"self":[{"href":"https:\/\/formation.aqpamm.ca\/tastaplace\/wp-json\/wp\/v2\/pages\/603","targetHints":{"allow":["GET"]}}],"collection":[{"href":"https:\/\/formation.aqpamm.ca\/tastaplace\/wp-json\/wp\/v2\/pages"}],"about":[{"href":"https:\/\/formation.aqpamm.ca\/tastaplace\/wp-json\/wp\/v2\/types\/page"}],"author":[{"embeddable":true,"href":"https:\/\/formation.aqpamm.ca\/tastaplace\/wp-json\/wp\/v2\/users\/1"}],"replies":[{"embeddable":true,"href":"https:\/\/formation.aqpamm.ca\/tastaplace\/wp-json\/wp\/v2\/comments?post=603"}],"version-history":[{"count":5,"href":"https:\/\/formation.aqpamm.ca\/tastaplace\/wp-json\/wp\/v2\/pages\/603\/revisions"}],"predecessor-version":[{"id":619,"href":"https:\/\/formation.aqpamm.ca\/tastaplace\/wp-json\/wp\/v2\/pages\/603\/revisions\/619"}],"up":[{"embeddable":true,"href":"https:\/\/formation.aqpamm.ca\/tastaplace\/wp-json\/wp\/v2\/pages\/564"}],"wp:attachment":[{"href":"https:\/\/formation.aqpamm.ca\/tastaplace\/wp-json\/wp\/v2\/media?parent=603"}],"curies":[{"name":"wp","href":"https:\/\/api.w.org\/{rel}","templated":true}]}}