{"id":607,"date":"2021-02-27T05:16:44","date_gmt":"2021-02-27T04:16:44","guid":{"rendered":"https:\/\/formation.aqpamm.ca\/tastaplace\/?page_id=607"},"modified":"2021-02-27T05:26:32","modified_gmt":"2021-02-27T04:26:32","slug":"les-4-facteurs-dinfluence-2","status":"publish","type":"page","link":"https:\/\/formation.aqpamm.ca\/tastaplace\/volet-intervenant%c2%b7e%c2%b7s\/module-1\/les-4-facteurs-dinfluence-2\/","title":{"rendered":"Les 4 facteurs d&rsquo;influence"},"content":{"rendered":"\n<figure class=\"wp-block-image decouverte_img\"><img decoding=\"async\" src=\"https:\/\/formation.aqpamm.ca\/tastaplace\/wp-content\/uploads\/2021\/02\/12-Psychologique.png\" alt=\"\" class=\"wp-image-412\"\/><\/figure>\n\n\n\n<h3 class=\"wp-block-heading\">Facteurs psychologiques (pens\u00e9es, mental, t\u00eate)<\/h3>\n\n\n\n<p>Des facteurs psychologiques peuvent contribuer au d\u00e9veloppement d\u2019un trouble de sant\u00e9 mentale.<\/p>\n\n\n\n<p><strong>Temp\u00e9rament d\u2019un individu<\/strong> <br>Il peut affecter l\u2019estime de soi, la gestion des \u00e9motions ou encore la capacit\u00e9 d\u2019adaptation de celui-ci.<\/p>\n\n\n\n<p><strong>Habitudes de vie <\/strong><br>De saines habitudes alimentaires, l\u2019exercice physique et un sommeil r\u00e9cup\u00e9rateur peuvent am\u00e9liorer la sant\u00e9 mentale.<\/p>\n","protected":false},"excerpt":{"rendered":"<p>Facteurs psychologiques (pens\u00e9es, mental, t\u00eate) Des facteurs psychologiques peuvent contribuer au d\u00e9veloppement d\u2019un trouble de sant\u00e9 mentale. Temp\u00e9rament d\u2019un individu Il peut affecter l\u2019estime de soi, la gestion des \u00e9motions ou encore la capacit\u00e9 d\u2019adaptation de celui-ci. Habitudes de vie De saines habitudes alimentaires, l\u2019exercice physique et un sommeil r\u00e9cup\u00e9rateur peuvent am\u00e9liorer la sant\u00e9 mentale. [&#8230;]<\/p>\n<p><a class=\"btn btn-secondary understrap-read-more-link\" href=\"https:\/\/formation.aqpamm.ca\/tastaplace\/volet-intervenant%c2%b7e%c2%b7s\/module-1\/les-4-facteurs-dinfluence-2\/\">Lire la suite\u2026<span class=\"screen-reader-text\"> from Les 4 facteurs d&rsquo;influence<\/span><\/a><\/p>\n","protected":false},"author":1,"featured_media":0,"parent":564,"menu_order":121,"comment_status":"closed","ping_status":"closed","template":"","meta":{"_monsterinsights_skip_tracking":false,"_monsterinsights_sitenote_active":false,"_monsterinsights_sitenote_note":"","_monsterinsights_sitenote_category":0,"footnotes":""},"class_list":["post-607","page","type-page","status-publish","hentry"],"_links":{"self":[{"href":"https:\/\/formation.aqpamm.ca\/tastaplace\/wp-json\/wp\/v2\/pages\/607","targetHints":{"allow":["GET"]}}],"collection":[{"href":"https:\/\/formation.aqpamm.ca\/tastaplace\/wp-json\/wp\/v2\/pages"}],"about":[{"href":"https:\/\/formation.aqpamm.ca\/tastaplace\/wp-json\/wp\/v2\/types\/page"}],"author":[{"embeddable":true,"href":"https:\/\/formation.aqpamm.ca\/tastaplace\/wp-json\/wp\/v2\/users\/1"}],"replies":[{"embeddable":true,"href":"https:\/\/formation.aqpamm.ca\/tastaplace\/wp-json\/wp\/v2\/comments?post=607"}],"version-history":[{"count":1,"href":"https:\/\/formation.aqpamm.ca\/tastaplace\/wp-json\/wp\/v2\/pages\/607\/revisions"}],"predecessor-version":[{"id":608,"href":"https:\/\/formation.aqpamm.ca\/tastaplace\/wp-json\/wp\/v2\/pages\/607\/revisions\/608"}],"up":[{"embeddable":true,"href":"https:\/\/formation.aqpamm.ca\/tastaplace\/wp-json\/wp\/v2\/pages\/564"}],"wp:attachment":[{"href":"https:\/\/formation.aqpamm.ca\/tastaplace\/wp-json\/wp\/v2\/media?parent=607"}],"curies":[{"name":"wp","href":"https:\/\/api.w.org\/{rel}","templated":true}]}}