{"id":665,"date":"2021-03-06T04:07:30","date_gmt":"2021-03-06T03:07:30","guid":{"rendered":"https:\/\/formation.aqpamm.ca\/tastaplace\/?page_id=665"},"modified":"2021-03-23T14:11:41","modified_gmt":"2021-03-23T13:11:41","slug":"les-prejuges","status":"publish","type":"page","link":"https:\/\/formation.aqpamm.ca\/tastaplace\/volet-intervenant%c2%b7e%c2%b7s\/module-2\/les-prejuges\/","title":{"rendered":"Les pr\u00e9jug\u00e9s"},"content":{"rendered":"\n<p>Dans le prochain exercice, vous allez rencontrer les membres de l\u2019entourage de Marie-Andr\u00e9e, Michel et Lydia. Chacun d\u2019entre eux v\u00e9hiculera un pr\u00e9jug\u00e9 sur les personnes ayant un trouble de sant\u00e9 mentale.<\/p>\n\n\n\n<p>Il est important de d\u00e9construire ces pr\u00e9jug\u00e9s aupr\u00e8s des personnes qui les colportent et aupr\u00e8s des personnes vivant avec un trouble de sant\u00e9 mentale.<\/p>\n","protected":false},"excerpt":{"rendered":"<p>Dans le prochain exercice, vous allez rencontrer les membres de l\u2019entourage de Marie-Andr\u00e9e, Michel et Lydia. Chacun d\u2019entre eux v\u00e9hiculera un pr\u00e9jug\u00e9 sur les personnes ayant un trouble de sant\u00e9 mentale. Il est important de d\u00e9construire ces pr\u00e9jug\u00e9s aupr\u00e8s des personnes qui les colportent et aupr\u00e8s des personnes vivant avec un trouble de sant\u00e9 mentale. [&#8230;]<\/p>\n<p><a class=\"btn btn-secondary understrap-read-more-link\" href=\"https:\/\/formation.aqpamm.ca\/tastaplace\/volet-intervenant%c2%b7e%c2%b7s\/module-2\/les-prejuges\/\">Lire la suite\u2026<span class=\"screen-reader-text\"> from Les pr\u00e9jug\u00e9s<\/span><\/a><\/p>\n","protected":false},"author":1,"featured_media":0,"parent":660,"menu_order":130,"comment_status":"closed","ping_status":"closed","template":"","meta":{"_monsterinsights_skip_tracking":false,"_monsterinsights_sitenote_active":false,"_monsterinsights_sitenote_note":"","_monsterinsights_sitenote_category":0,"footnotes":""},"class_list":["post-665","page","type-page","status-publish","hentry"],"_links":{"self":[{"href":"https:\/\/formation.aqpamm.ca\/tastaplace\/wp-json\/wp\/v2\/pages\/665","targetHints":{"allow":["GET"]}}],"collection":[{"href":"https:\/\/formation.aqpamm.ca\/tastaplace\/wp-json\/wp\/v2\/pages"}],"about":[{"href":"https:\/\/formation.aqpamm.ca\/tastaplace\/wp-json\/wp\/v2\/types\/page"}],"author":[{"embeddable":true,"href":"https:\/\/formation.aqpamm.ca\/tastaplace\/wp-json\/wp\/v2\/users\/1"}],"replies":[{"embeddable":true,"href":"https:\/\/formation.aqpamm.ca\/tastaplace\/wp-json\/wp\/v2\/comments?post=665"}],"version-history":[{"count":3,"href":"https:\/\/formation.aqpamm.ca\/tastaplace\/wp-json\/wp\/v2\/pages\/665\/revisions"}],"predecessor-version":[{"id":824,"href":"https:\/\/formation.aqpamm.ca\/tastaplace\/wp-json\/wp\/v2\/pages\/665\/revisions\/824"}],"up":[{"embeddable":true,"href":"https:\/\/formation.aqpamm.ca\/tastaplace\/wp-json\/wp\/v2\/pages\/660"}],"wp:attachment":[{"href":"https:\/\/formation.aqpamm.ca\/tastaplace\/wp-json\/wp\/v2\/media?parent=665"}],"curies":[{"name":"wp","href":"https:\/\/api.w.org\/{rel}","templated":true}]}}