{"id":668,"date":"2021-03-06T04:10:40","date_gmt":"2021-03-06T03:10:40","guid":{"rendered":"https:\/\/formation.aqpamm.ca\/tastaplace\/?page_id=668"},"modified":"2021-03-06T04:25:43","modified_gmt":"2021-03-06T03:25:43","slug":"les-prejuges-2","status":"publish","type":"page","link":"https:\/\/formation.aqpamm.ca\/tastaplace\/volet-intervenant%c2%b7e%c2%b7s\/module-2\/les-prejuges-2\/","title":{"rendered":"Les pr\u00e9jug\u00e9s"},"content":{"rendered":"\n<p><strong>Les 4 pr\u00e9jug\u00e9s entourant la sant\u00e9 mentale<\/strong><br><br>Cliquez sur le bouton \u00ab\u00a0Retourner\u00a0\u00bb pour d\u00e9couvrir les 2 premiers pr\u00e9jug\u00e9s.<\/p>\n\n\n\n<p><code><div class=\"h5p-iframe-wrapper\"><iframe id=\"h5p-iframe-41\" class=\"h5p-iframe\" data-content-id=\"41\" style=\"height:1px\" src=\"about:blank\" frameBorder=\"0\" scrolling=\"no\" title=\"Inter - page 31 - pr\u00e9jug\u00e9s\"><\/iframe><\/div><\/code><\/p>\n","protected":false},"excerpt":{"rendered":"<p>Les 4 pr\u00e9jug\u00e9s entourant la sant\u00e9 mentale Cliquez sur le bouton \u00ab\u00a0Retourner\u00a0\u00bb pour d\u00e9couvrir les 2 premiers pr\u00e9jug\u00e9s. [&#8230;]<\/p>\n<p><a class=\"btn btn-secondary understrap-read-more-link\" href=\"https:\/\/formation.aqpamm.ca\/tastaplace\/volet-intervenant%c2%b7e%c2%b7s\/module-2\/les-prejuges-2\/\">Lire la suite\u2026<span class=\"screen-reader-text\"> from Les pr\u00e9jug\u00e9s<\/span><\/a><\/p>\n","protected":false},"author":1,"featured_media":0,"parent":660,"menu_order":131,"comment_status":"closed","ping_status":"closed","template":"page-dialogCards.php","meta":{"_monsterinsights_skip_tracking":false,"_monsterinsights_sitenote_active":false,"_monsterinsights_sitenote_note":"","_monsterinsights_sitenote_category":0,"footnotes":""},"class_list":["post-668","page","type-page","status-publish","hentry"],"_links":{"self":[{"href":"https:\/\/formation.aqpamm.ca\/tastaplace\/wp-json\/wp\/v2\/pages\/668","targetHints":{"allow":["GET"]}}],"collection":[{"href":"https:\/\/formation.aqpamm.ca\/tastaplace\/wp-json\/wp\/v2\/pages"}],"about":[{"href":"https:\/\/formation.aqpamm.ca\/tastaplace\/wp-json\/wp\/v2\/types\/page"}],"author":[{"embeddable":true,"href":"https:\/\/formation.aqpamm.ca\/tastaplace\/wp-json\/wp\/v2\/users\/1"}],"replies":[{"embeddable":true,"href":"https:\/\/formation.aqpamm.ca\/tastaplace\/wp-json\/wp\/v2\/comments?post=668"}],"version-history":[{"count":4,"href":"https:\/\/formation.aqpamm.ca\/tastaplace\/wp-json\/wp\/v2\/pages\/668\/revisions"}],"predecessor-version":[{"id":683,"href":"https:\/\/formation.aqpamm.ca\/tastaplace\/wp-json\/wp\/v2\/pages\/668\/revisions\/683"}],"up":[{"embeddable":true,"href":"https:\/\/formation.aqpamm.ca\/tastaplace\/wp-json\/wp\/v2\/pages\/660"}],"wp:attachment":[{"href":"https:\/\/formation.aqpamm.ca\/tastaplace\/wp-json\/wp\/v2\/media?parent=668"}],"curies":[{"name":"wp","href":"https:\/\/api.w.org\/{rel}","templated":true}]}}