{"id":675,"date":"2021-03-06T04:21:19","date_gmt":"2021-03-06T03:21:19","guid":{"rendered":"https:\/\/formation.aqpamm.ca\/tastaplace\/?page_id=675"},"modified":"2021-03-06T04:23:01","modified_gmt":"2021-03-06T03:23:01","slug":"les-impacts-des-prejuges-sur-les-personnes","status":"publish","type":"page","link":"https:\/\/formation.aqpamm.ca\/tastaplace\/volet-intervenant%c2%b7e%c2%b7s\/module-2\/les-impacts-des-prejuges-sur-les-personnes\/","title":{"rendered":"Les pr\u00e9jug\u00e9s"},"content":{"rendered":"\n<h3 class=\"wp-block-heading\">Les impacts des pr\u00e9jug\u00e9s<\/h3>\n\n\n\n<p>Les pr\u00e9jug\u00e9s envers les personnes vivant avec un trouble de sant\u00e9 mentale ont des cons\u00e9quences importantes sur ces derni\u00e8res.<\/p>\n\n\n\n<p>Cliquez sur les boutons pour les d\u00e9couvrir.<\/p>\n\n\n\n<p><code><div class=\"h5p-iframe-wrapper\"><iframe id=\"h5p-iframe-16\" class=\"h5p-iframe\" data-content-id=\"16\" style=\"height:1px\" src=\"about:blank\" frameBorder=\"0\" scrolling=\"no\" title=\"Jeunes - page 28 - impact pr\u00e9jug\u00e9s\"><\/iframe><\/div><\/code><\/p>\n","protected":false},"excerpt":{"rendered":"<p>Les impacts des pr\u00e9jug\u00e9s Les pr\u00e9jug\u00e9s envers les personnes vivant avec un trouble de sant\u00e9 mentale ont des cons\u00e9quences importantes sur ces derni\u00e8res. Cliquez sur les boutons pour les d\u00e9couvrir. [&#8230;]<\/p>\n<p><a class=\"btn btn-secondary understrap-read-more-link\" href=\"https:\/\/formation.aqpamm.ca\/tastaplace\/volet-intervenant%c2%b7e%c2%b7s\/module-2\/les-impacts-des-prejuges-sur-les-personnes\/\">Lire la suite\u2026<span class=\"screen-reader-text\"> from Les pr\u00e9jug\u00e9s<\/span><\/a><\/p>\n","protected":false},"author":1,"featured_media":0,"parent":660,"menu_order":133,"comment_status":"closed","ping_status":"closed","template":"","meta":{"_monsterinsights_skip_tracking":false,"_monsterinsights_sitenote_active":false,"_monsterinsights_sitenote_note":"","_monsterinsights_sitenote_category":0,"footnotes":""},"class_list":["post-675","page","type-page","status-publish","hentry"],"_links":{"self":[{"href":"https:\/\/formation.aqpamm.ca\/tastaplace\/wp-json\/wp\/v2\/pages\/675","targetHints":{"allow":["GET"]}}],"collection":[{"href":"https:\/\/formation.aqpamm.ca\/tastaplace\/wp-json\/wp\/v2\/pages"}],"about":[{"href":"https:\/\/formation.aqpamm.ca\/tastaplace\/wp-json\/wp\/v2\/types\/page"}],"author":[{"embeddable":true,"href":"https:\/\/formation.aqpamm.ca\/tastaplace\/wp-json\/wp\/v2\/users\/1"}],"replies":[{"embeddable":true,"href":"https:\/\/formation.aqpamm.ca\/tastaplace\/wp-json\/wp\/v2\/comments?post=675"}],"version-history":[{"count":2,"href":"https:\/\/formation.aqpamm.ca\/tastaplace\/wp-json\/wp\/v2\/pages\/675\/revisions"}],"predecessor-version":[{"id":677,"href":"https:\/\/formation.aqpamm.ca\/tastaplace\/wp-json\/wp\/v2\/pages\/675\/revisions\/677"}],"up":[{"embeddable":true,"href":"https:\/\/formation.aqpamm.ca\/tastaplace\/wp-json\/wp\/v2\/pages\/660"}],"wp:attachment":[{"href":"https:\/\/formation.aqpamm.ca\/tastaplace\/wp-json\/wp\/v2\/media?parent=675"}],"curies":[{"name":"wp","href":"https:\/\/api.w.org\/{rel}","templated":true}]}}