{"id":685,"date":"2021-03-06T04:31:43","date_gmt":"2021-03-06T03:31:43","guid":{"rendered":"https:\/\/formation.aqpamm.ca\/tastaplace\/?page_id=685"},"modified":"2021-03-06T04:31:44","modified_gmt":"2021-03-06T03:31:44","slug":"les-attitudes-heurtantes","status":"publish","type":"page","link":"https:\/\/formation.aqpamm.ca\/tastaplace\/volet-intervenant%c2%b7e%c2%b7s\/module-2\/les-attitudes-heurtantes\/","title":{"rendered":"Les attitudes heurtantes"},"content":{"rendered":"\n<h3 class=\"wp-block-heading\">Les 3 attitudes heurtantes<\/h3>\n\n\n\n<p>Il est possible d\u2019avoir des attitudes pouvant heurter les personnes vivant avec un trouble de sant\u00e9 mentale. Parfois, il peut \u00eatre difficile de comprendre ce qu&rsquo;un jeune vit et avoir des attitudes blessantes \u00e0 son \u00e9gard.<\/p>\n\n\n\n<p><code><div class=\"h5p-iframe-wrapper\"><iframe id=\"h5p-iframe-43\" class=\"h5p-iframe\" data-content-id=\"43\" style=\"height:1px\" src=\"about:blank\" frameBorder=\"0\" scrolling=\"no\" title=\"Inter - page 34 - Attitudes heurtantes\"><\/iframe><\/div><\/code><\/p>\n\n\n\n<p><\/p>\n","protected":false},"excerpt":{"rendered":"<p>Les 3 attitudes heurtantes Il est possible d\u2019avoir des attitudes pouvant heurter les personnes vivant avec un trouble de sant\u00e9 mentale. Parfois, il peut \u00eatre difficile de comprendre ce qu&rsquo;un jeune vit et avoir des attitudes blessantes \u00e0 son \u00e9gard. [&#8230;]<\/p>\n<p><a class=\"btn btn-secondary understrap-read-more-link\" href=\"https:\/\/formation.aqpamm.ca\/tastaplace\/volet-intervenant%c2%b7e%c2%b7s\/module-2\/les-attitudes-heurtantes\/\">Lire la suite\u2026<span class=\"screen-reader-text\"> from Les attitudes heurtantes<\/span><\/a><\/p>\n","protected":false},"author":1,"featured_media":0,"parent":660,"menu_order":134,"comment_status":"closed","ping_status":"closed","template":"","meta":{"_monsterinsights_skip_tracking":false,"_monsterinsights_sitenote_active":false,"_monsterinsights_sitenote_note":"","_monsterinsights_sitenote_category":0,"footnotes":""},"class_list":["post-685","page","type-page","status-publish","hentry"],"_links":{"self":[{"href":"https:\/\/formation.aqpamm.ca\/tastaplace\/wp-json\/wp\/v2\/pages\/685","targetHints":{"allow":["GET"]}}],"collection":[{"href":"https:\/\/formation.aqpamm.ca\/tastaplace\/wp-json\/wp\/v2\/pages"}],"about":[{"href":"https:\/\/formation.aqpamm.ca\/tastaplace\/wp-json\/wp\/v2\/types\/page"}],"author":[{"embeddable":true,"href":"https:\/\/formation.aqpamm.ca\/tastaplace\/wp-json\/wp\/v2\/users\/1"}],"replies":[{"embeddable":true,"href":"https:\/\/formation.aqpamm.ca\/tastaplace\/wp-json\/wp\/v2\/comments?post=685"}],"version-history":[{"count":1,"href":"https:\/\/formation.aqpamm.ca\/tastaplace\/wp-json\/wp\/v2\/pages\/685\/revisions"}],"predecessor-version":[{"id":686,"href":"https:\/\/formation.aqpamm.ca\/tastaplace\/wp-json\/wp\/v2\/pages\/685\/revisions\/686"}],"up":[{"embeddable":true,"href":"https:\/\/formation.aqpamm.ca\/tastaplace\/wp-json\/wp\/v2\/pages\/660"}],"wp:attachment":[{"href":"https:\/\/formation.aqpamm.ca\/tastaplace\/wp-json\/wp\/v2\/media?parent=685"}],"curies":[{"name":"wp","href":"https:\/\/api.w.org\/{rel}","templated":true}]}}