{"id":728,"date":"2021-03-07T04:49:06","date_gmt":"2021-03-07T03:49:06","guid":{"rendered":"https:\/\/formation.aqpamm.ca\/tastaplace\/?page_id=728"},"modified":"2021-03-07T04:49:07","modified_gmt":"2021-03-07T03:49:07","slug":"les-signes-annonciateurs","status":"publish","type":"page","link":"https:\/\/formation.aqpamm.ca\/tastaplace\/volet-intervenant%c2%b7e%c2%b7s\/module-3\/les-signes-annonciateurs\/","title":{"rendered":"Les signes annonciateurs"},"content":{"rendered":"\n<p>Plusieurs signes peuvent \u00eatre annonciateurs que quelque chose ne va pas. Pr\u00eater une attention particuli\u00e8re \u00e0 ces signes et au changement de comportement peut aider un\u00b7e intervenant.e \u00e0 se rendre compte des difficult\u00e9s v\u00e9cues par le jeune et \u00e0 le r\u00e9f\u00e9rer au besoin.<\/p>\n\n\n\n<p>Attention, il faut \u00eatre vigilant, car il est possible que certains signes rel\u00e8vent de l\u2019adolescence et non d\u2019un trouble de sant\u00e9 mentale.<\/p>\n","protected":false},"excerpt":{"rendered":"<p>Plusieurs signes peuvent \u00eatre annonciateurs que quelque chose ne va pas. Pr\u00eater une attention particuli\u00e8re \u00e0 ces signes et au changement de comportement peut aider un\u00b7e intervenant.e \u00e0 se rendre compte des difficult\u00e9s v\u00e9cues par le jeune et \u00e0 le r\u00e9f\u00e9rer au besoin. Attention, il faut \u00eatre vigilant, car il est possible que certains signes [&#8230;]<\/p>\n<p><a class=\"btn btn-secondary understrap-read-more-link\" href=\"https:\/\/formation.aqpamm.ca\/tastaplace\/volet-intervenant%c2%b7e%c2%b7s\/module-3\/les-signes-annonciateurs\/\">Lire la suite\u2026<span class=\"screen-reader-text\"> from Les signes annonciateurs<\/span><\/a><\/p>\n","protected":false},"author":1,"featured_media":0,"parent":706,"menu_order":148,"comment_status":"closed","ping_status":"closed","template":"","meta":{"_monsterinsights_skip_tracking":false,"_monsterinsights_sitenote_active":false,"_monsterinsights_sitenote_note":"","_monsterinsights_sitenote_category":0,"footnotes":""},"class_list":["post-728","page","type-page","status-publish","hentry"],"_links":{"self":[{"href":"https:\/\/formation.aqpamm.ca\/tastaplace\/wp-json\/wp\/v2\/pages\/728","targetHints":{"allow":["GET"]}}],"collection":[{"href":"https:\/\/formation.aqpamm.ca\/tastaplace\/wp-json\/wp\/v2\/pages"}],"about":[{"href":"https:\/\/formation.aqpamm.ca\/tastaplace\/wp-json\/wp\/v2\/types\/page"}],"author":[{"embeddable":true,"href":"https:\/\/formation.aqpamm.ca\/tastaplace\/wp-json\/wp\/v2\/users\/1"}],"replies":[{"embeddable":true,"href":"https:\/\/formation.aqpamm.ca\/tastaplace\/wp-json\/wp\/v2\/comments?post=728"}],"version-history":[{"count":1,"href":"https:\/\/formation.aqpamm.ca\/tastaplace\/wp-json\/wp\/v2\/pages\/728\/revisions"}],"predecessor-version":[{"id":729,"href":"https:\/\/formation.aqpamm.ca\/tastaplace\/wp-json\/wp\/v2\/pages\/728\/revisions\/729"}],"up":[{"embeddable":true,"href":"https:\/\/formation.aqpamm.ca\/tastaplace\/wp-json\/wp\/v2\/pages\/706"}],"wp:attachment":[{"href":"https:\/\/formation.aqpamm.ca\/tastaplace\/wp-json\/wp\/v2\/media?parent=728"}],"curies":[{"name":"wp","href":"https:\/\/api.w.org\/{rel}","templated":true}]}}