{"id":743,"date":"2021-03-11T03:43:29","date_gmt":"2021-03-11T02:43:29","guid":{"rendered":"https:\/\/formation.aqpamm.ca\/tastaplace\/?page_id=743"},"modified":"2021-03-19T22:30:31","modified_gmt":"2021-03-19T21:30:31","slug":"les-3-signes-annonciateurs","status":"publish","type":"page","link":"https:\/\/formation.aqpamm.ca\/tastaplace\/volet-intervenant%c2%b7e%c2%b7s\/module-3\/les-3-signes-annonciateurs\/","title":{"rendered":"Les 3 signes annonciateurs"},"content":{"rendered":"\n<h3 class=\"wp-block-heading\">Les signes physiques<\/h3>\n\n\n\n<figure class=\"wp-block-image size-large is-resized\"><img loading=\"lazy\" decoding=\"async\" src=\"https:\/\/formation.aqpamm.ca\/tastaplace\/wp-content\/uploads\/2021\/03\/01-Physique.png\" alt=\"\" class=\"wp-image-798\" width=\"200\" height=\"200\" srcset=\"https:\/\/formation.aqpamm.ca\/tastaplace\/wp-content\/uploads\/2021\/03\/01-Physique.png 200w, https:\/\/formation.aqpamm.ca\/tastaplace\/wp-content\/uploads\/2021\/03\/01-Physique-150x150.png 150w\" sizes=\"auto, (max-width: 200px) 100vw, 200px\" \/><\/figure>\n\n\n\n<ul class=\"wp-block-list\"><li>Douleurs inexpliqu\u00e9es<\/li><li>Insomnie<\/li><li>Pertes de m\u00e9moire<\/li><li>Naus\u00e9es et \u00e9tourdissement<\/li><li>Perte d\u2019\u00e9nergie<\/li><\/ul>\n","protected":false},"excerpt":{"rendered":"<p>Les signes physiques Douleurs inexpliqu\u00e9es Insomnie Pertes de m\u00e9moire Naus\u00e9es et \u00e9tourdissement Perte d\u2019\u00e9nergie [&#8230;]<\/p>\n<p><a class=\"btn btn-secondary understrap-read-more-link\" href=\"https:\/\/formation.aqpamm.ca\/tastaplace\/volet-intervenant%c2%b7e%c2%b7s\/module-3\/les-3-signes-annonciateurs\/\">Lire la suite\u2026<span class=\"screen-reader-text\"> from Les 3 signes annonciateurs<\/span><\/a><\/p>\n","protected":false},"author":1,"featured_media":0,"parent":706,"menu_order":150,"comment_status":"closed","ping_status":"closed","template":"","meta":{"_monsterinsights_skip_tracking":false,"_monsterinsights_sitenote_active":false,"_monsterinsights_sitenote_note":"","_monsterinsights_sitenote_category":0,"footnotes":""},"class_list":["post-743","page","type-page","status-publish","hentry"],"_links":{"self":[{"href":"https:\/\/formation.aqpamm.ca\/tastaplace\/wp-json\/wp\/v2\/pages\/743","targetHints":{"allow":["GET"]}}],"collection":[{"href":"https:\/\/formation.aqpamm.ca\/tastaplace\/wp-json\/wp\/v2\/pages"}],"about":[{"href":"https:\/\/formation.aqpamm.ca\/tastaplace\/wp-json\/wp\/v2\/types\/page"}],"author":[{"embeddable":true,"href":"https:\/\/formation.aqpamm.ca\/tastaplace\/wp-json\/wp\/v2\/users\/1"}],"replies":[{"embeddable":true,"href":"https:\/\/formation.aqpamm.ca\/tastaplace\/wp-json\/wp\/v2\/comments?post=743"}],"version-history":[{"count":2,"href":"https:\/\/formation.aqpamm.ca\/tastaplace\/wp-json\/wp\/v2\/pages\/743\/revisions"}],"predecessor-version":[{"id":799,"href":"https:\/\/formation.aqpamm.ca\/tastaplace\/wp-json\/wp\/v2\/pages\/743\/revisions\/799"}],"up":[{"embeddable":true,"href":"https:\/\/formation.aqpamm.ca\/tastaplace\/wp-json\/wp\/v2\/pages\/706"}],"wp:attachment":[{"href":"https:\/\/formation.aqpamm.ca\/tastaplace\/wp-json\/wp\/v2\/media?parent=743"}],"curies":[{"name":"wp","href":"https:\/\/api.w.org\/{rel}","templated":true}]}}