{"id":745,"date":"2021-03-11T03:45:35","date_gmt":"2021-03-11T02:45:35","guid":{"rendered":"https:\/\/formation.aqpamm.ca\/tastaplace\/?page_id=745"},"modified":"2021-03-19T22:31:19","modified_gmt":"2021-03-19T21:31:19","slug":"les-3-signes-annonciateurs-2","status":"publish","type":"page","link":"https:\/\/formation.aqpamm.ca\/tastaplace\/volet-intervenant%c2%b7e%c2%b7s\/module-3\/les-3-signes-annonciateurs-2\/","title":{"rendered":"Les 3 signes annonciateurs"},"content":{"rendered":"\n<h3 class=\"wp-block-heading\">Les signes comportementaux<\/h3>\n\n\n\n<figure class=\"wp-block-image size-large\"><img loading=\"lazy\" decoding=\"async\" width=\"201\" height=\"200\" src=\"https:\/\/formation.aqpamm.ca\/tastaplace\/wp-content\/uploads\/2021\/03\/03-comportemental.png\" alt=\"\" class=\"wp-image-800\" srcset=\"https:\/\/formation.aqpamm.ca\/tastaplace\/wp-content\/uploads\/2021\/03\/03-comportemental.png 201w, https:\/\/formation.aqpamm.ca\/tastaplace\/wp-content\/uploads\/2021\/03\/03-comportemental-150x150.png 150w\" sizes=\"auto, (max-width: 201px) 100vw, 201px\" \/><\/figure>\n\n\n\n<p>Des changements dans le comportement peuvent se manifester:<\/p>\n\n\n\n<ul class=\"wp-block-list\"><li>Incapacit\u00e9 \u00e0 effectuer les t\u00e2ches habituelles (devoirs, aller \u00e0 l\u2019\u00e9cole ou au travail, participer aux activit\u00e9s, voir ses<br>ami.es, etc.)<\/li><li>Confusion et de d\u00e9sorganisation (la personne est souvent distrait\u00b7e)<\/li><li>Manque de jugement dans ses d\u00e9cisions<\/li><li>Isolement<\/li><li>Manger trop<\/li><li>Dormir trop<\/li><li>Peu d\u2019int\u00e9r\u00eat pour ses passions habituelles<\/li><li>Consommation de substances psychotropes (alcool, cannabis, etc.).<\/li><\/ul>\n","protected":false},"excerpt":{"rendered":"<p>Les signes comportementaux Des changements dans le comportement peuvent se manifester: Incapacit\u00e9 \u00e0 effectuer les t\u00e2ches habituelles (devoirs, aller \u00e0 l\u2019\u00e9cole ou au travail, participer aux activit\u00e9s, voir sesami.es, etc.) Confusion et de d\u00e9sorganisation (la personne est souvent distrait\u00b7e) Manque de jugement dans ses d\u00e9cisions Isolement Manger trop Dormir trop Peu d\u2019int\u00e9r\u00eat pour ses passions [&#8230;]<\/p>\n<p><a class=\"btn btn-secondary understrap-read-more-link\" href=\"https:\/\/formation.aqpamm.ca\/tastaplace\/volet-intervenant%c2%b7e%c2%b7s\/module-3\/les-3-signes-annonciateurs-2\/\">Lire la suite\u2026<span class=\"screen-reader-text\"> from Les 3 signes annonciateurs<\/span><\/a><\/p>\n","protected":false},"author":1,"featured_media":0,"parent":706,"menu_order":151,"comment_status":"closed","ping_status":"closed","template":"","meta":{"_monsterinsights_skip_tracking":false,"_monsterinsights_sitenote_active":false,"_monsterinsights_sitenote_note":"","_monsterinsights_sitenote_category":0,"footnotes":""},"class_list":["post-745","page","type-page","status-publish","hentry"],"_links":{"self":[{"href":"https:\/\/formation.aqpamm.ca\/tastaplace\/wp-json\/wp\/v2\/pages\/745","targetHints":{"allow":["GET"]}}],"collection":[{"href":"https:\/\/formation.aqpamm.ca\/tastaplace\/wp-json\/wp\/v2\/pages"}],"about":[{"href":"https:\/\/formation.aqpamm.ca\/tastaplace\/wp-json\/wp\/v2\/types\/page"}],"author":[{"embeddable":true,"href":"https:\/\/formation.aqpamm.ca\/tastaplace\/wp-json\/wp\/v2\/users\/1"}],"replies":[{"embeddable":true,"href":"https:\/\/formation.aqpamm.ca\/tastaplace\/wp-json\/wp\/v2\/comments?post=745"}],"version-history":[{"count":2,"href":"https:\/\/formation.aqpamm.ca\/tastaplace\/wp-json\/wp\/v2\/pages\/745\/revisions"}],"predecessor-version":[{"id":801,"href":"https:\/\/formation.aqpamm.ca\/tastaplace\/wp-json\/wp\/v2\/pages\/745\/revisions\/801"}],"up":[{"embeddable":true,"href":"https:\/\/formation.aqpamm.ca\/tastaplace\/wp-json\/wp\/v2\/pages\/706"}],"wp:attachment":[{"href":"https:\/\/formation.aqpamm.ca\/tastaplace\/wp-json\/wp\/v2\/media?parent=745"}],"curies":[{"name":"wp","href":"https:\/\/api.w.org\/{rel}","templated":true}]}}