{"id":748,"date":"2021-03-11T03:47:33","date_gmt":"2021-03-11T02:47:33","guid":{"rendered":"https:\/\/formation.aqpamm.ca\/tastaplace\/?page_id=748"},"modified":"2021-03-19T22:32:07","modified_gmt":"2021-03-19T21:32:07","slug":"les-3-signes-annonciateurs-3","status":"publish","type":"page","link":"https:\/\/formation.aqpamm.ca\/tastaplace\/volet-intervenant%c2%b7e%c2%b7s\/module-3\/les-3-signes-annonciateurs-3\/","title":{"rendered":"Les 3 signes annonciateurs"},"content":{"rendered":"\n<h3 class=\"wp-block-heading\">Les signes \u00e9motifs<\/h3>\n\n\n\n<figure class=\"wp-block-image size-large\"><img loading=\"lazy\" decoding=\"async\" width=\"201\" height=\"200\" src=\"https:\/\/formation.aqpamm.ca\/tastaplace\/wp-content\/uploads\/2021\/03\/02-emotif.png\" alt=\"\" class=\"wp-image-802\" srcset=\"https:\/\/formation.aqpamm.ca\/tastaplace\/wp-content\/uploads\/2021\/03\/02-emotif.png 201w, https:\/\/formation.aqpamm.ca\/tastaplace\/wp-content\/uploads\/2021\/03\/02-emotif-150x150.png 150w\" sizes=\"auto, (max-width: 201px) 100vw, 201px\" \/><\/figure>\n\n\n\n<p>Certaines r\u00e9actions \u00e9motives peuvent donner un indice d\u2019un trouble de sant\u00e9 mentale.<\/p>\n\n\n\n<ul class=\"wp-block-list\"><li>Irritabilit\u00e9 et col\u00e8re<\/li><li>Cries, disputes, bataille avec un membre de la famille ou les amis<\/li><li>Sautes d\u2019humeur intenses<\/li><li>Conflits dans les relations<\/li><li>Inqui\u00e9tudes et craintes inhabituelles<\/li><\/ul>\n","protected":false},"excerpt":{"rendered":"<p>Les signes \u00e9motifs Certaines r\u00e9actions \u00e9motives peuvent donner un indice d\u2019un trouble de sant\u00e9 mentale. Irritabilit\u00e9 et col\u00e8re Cries, disputes, bataille avec un membre de la famille ou les amis Sautes d\u2019humeur intenses Conflits dans les relations Inqui\u00e9tudes et craintes inhabituelles [&#8230;]<\/p>\n<p><a class=\"btn btn-secondary understrap-read-more-link\" href=\"https:\/\/formation.aqpamm.ca\/tastaplace\/volet-intervenant%c2%b7e%c2%b7s\/module-3\/les-3-signes-annonciateurs-3\/\">Lire la suite\u2026<span class=\"screen-reader-text\"> from Les 3 signes annonciateurs<\/span><\/a><\/p>\n","protected":false},"author":1,"featured_media":0,"parent":706,"menu_order":152,"comment_status":"closed","ping_status":"closed","template":"","meta":{"_monsterinsights_skip_tracking":false,"_monsterinsights_sitenote_active":false,"_monsterinsights_sitenote_note":"","_monsterinsights_sitenote_category":0,"footnotes":""},"class_list":["post-748","page","type-page","status-publish","hentry"],"_links":{"self":[{"href":"https:\/\/formation.aqpamm.ca\/tastaplace\/wp-json\/wp\/v2\/pages\/748","targetHints":{"allow":["GET"]}}],"collection":[{"href":"https:\/\/formation.aqpamm.ca\/tastaplace\/wp-json\/wp\/v2\/pages"}],"about":[{"href":"https:\/\/formation.aqpamm.ca\/tastaplace\/wp-json\/wp\/v2\/types\/page"}],"author":[{"embeddable":true,"href":"https:\/\/formation.aqpamm.ca\/tastaplace\/wp-json\/wp\/v2\/users\/1"}],"replies":[{"embeddable":true,"href":"https:\/\/formation.aqpamm.ca\/tastaplace\/wp-json\/wp\/v2\/comments?post=748"}],"version-history":[{"count":2,"href":"https:\/\/formation.aqpamm.ca\/tastaplace\/wp-json\/wp\/v2\/pages\/748\/revisions"}],"predecessor-version":[{"id":803,"href":"https:\/\/formation.aqpamm.ca\/tastaplace\/wp-json\/wp\/v2\/pages\/748\/revisions\/803"}],"up":[{"embeddable":true,"href":"https:\/\/formation.aqpamm.ca\/tastaplace\/wp-json\/wp\/v2\/pages\/706"}],"wp:attachment":[{"href":"https:\/\/formation.aqpamm.ca\/tastaplace\/wp-json\/wp\/v2\/media?parent=748"}],"curies":[{"name":"wp","href":"https:\/\/api.w.org\/{rel}","templated":true}]}}