{"id":806,"date":"2021-03-19T22:57:47","date_gmt":"2021-03-19T21:57:47","guid":{"rendered":"https:\/\/formation.aqpamm.ca\/tastaplace\/?page_id=806"},"modified":"2021-03-22T20:36:24","modified_gmt":"2021-03-22T19:36:24","slug":"ressources","status":"publish","type":"page","link":"https:\/\/formation.aqpamm.ca\/tastaplace\/volet-intervenant%c2%b7e%c2%b7s\/ressources\/","title":{"rendered":"Ressources"},"content":{"rendered":"\n<p><strong><a href=\"https:\/\/aqpamm.ca\/\" target=\"_blank\" rel=\"noreferrer noopener\">AQPAMM (Association qu\u00e9b\u00e9coise des parents et amis de la personne atteinte de maladie mentale)<\/a><\/strong><\/p>\n\n\n\n<p>\u00ab L\u2019AQPAMM accompagne les familles et l\u2019entourage d\u2019une personne vivant avec un trouble de sant\u00e9 mentale. L\u2019organisme offre information, r\u00e9f\u00e9rencement, et soutien. L\u2019AQPAMM outille ses membres pour permettre une relation saine avec leur proche tout en prenant soin d\u2019eux-m\u00eames. L\u2019AQPAMM contribue \u00e0 briser l\u2019isolement des familles et de l\u2019entourage, \u00e0 sensibiliser le grand public et les d\u00e9cideurs pour vaincre les pr\u00e9jug\u00e9s et \u00e0 favoriser l\u2019inclusion des personnes vivant avec une probl\u00e9matique de sant\u00e9 mentale \u00bb.<\/p>\n\n\n\n<p><strong><a href=\"https:\/\/anebquebec.com\/\" target=\"_blank\" rel=\"noreferrer noopener\">Aneb (Anorexie et boulimie Qu\u00e9bec)<\/a><\/strong><\/p>\n\n\n\n<p>\u00ab Aneb garantit une aide imm\u00e9diate, est sp\u00e9cialis\u00e9e et gratuite aux personnes atteintes d\u2019un trouble du comportement alimentaire et \u00e0 leurs proches. En plus d\u2019offrir des services sp\u00e9cialis\u00e9s depuis maintenant 30 ans, ANEB demeure pr\u00e9sent dans divers milieux afin de sensibiliser la population \u00e0 cette probl\u00e9matique de sant\u00e9 mentale. Par le biais de divers services d\u2019\u00e9ducation et par la cr\u00e9ation de nouveaux partenariats, l\u2019organisme aide \u00e0 pr\u00e9venir et \u00e0 diminuer les cons\u00e9quences li\u00e9es aux troubles de l\u2019alimentation \u00bb.<\/p>\n\n\n\n<p><strong><a href=\"https:\/\/lacledeschamps.org\/\" target=\"_blank\" rel=\"noreferrer noopener\">La Cl\u00e9 des champs<\/a><\/strong><\/p>\n\n\n\n<p>\u00ab La Cl\u00e9 des champs offre du soutien aux personnes souffrant de troubles anxieux. Notre mandat est plurisectoriel, c\u2019est-\u00e0-dire que nous intervenons aupr\u00e8s des adultes et des adolescents souffrant d\u2019anxi\u00e9t\u00e9, de m\u00eame qu\u2019avec les parents, les organismes, les enseignants et les professionnels qui interviennent aupr\u00e8s d\u2019eux \u00bb.<\/p>\n\n\n\n<p><strong><a href=\"Drogue: aide et r\u00e9f\u00e9rence\">Drogue: aide et r\u00e9f\u00e9rence<\/a><\/strong><\/p>\n\n\n\n<p>\u00ab Drogue: aide et r\u00e9f\u00e9rence offre un service t\u00e9l\u00e9phonique de soutien, d\u2019information, de r\u00e9f\u00e9rence gratuit, bilingue, confidentiel et anonyme aux personnes toxicomanes, \u00e0 leur entourage et aux intervenants sociaux \u00bb.<\/p>\n\n\n\n<p><strong><a href=\"https:\/\/fondationjeunesentete.org\/\" target=\"_blank\" rel=\"noreferrer noopener\">Fondation Jeunes en T\u00eate<\/a><\/strong><\/p>\n\n\n\n<p>\u00ab La Fondation Jeunes en T\u00eate vise \u00e0 pr\u00e9venir la d\u00e9tresse psychologique des jeunes de 11 \u00e0 18 ans au Qu\u00e9bec.<\/p>\n\n\n\n<p>Leur programme Solidaires initie un dialogue direct avec les jeunes au sujet de la sant\u00e9 mentale. Ils offrent des ateliers dans les \u00e9coles et orientent les jeunes en d\u00e9tresse psychologique vers des ressources professionnelles \u00e0 proximit\u00e9 \u00bb.<\/p>\n\n\n\n<p><strong><a href=\"https:\/\/jeunessejecoute.ca\/\" target=\"_blank\" rel=\"noreferrer noopener\">Jeunesse, J\u2019\u00e9coute<\/a><\/strong><\/p>\n\n\n\n<p>\u00ab Que ce soit par t\u00e9l\u00e9phone, texto, appli mobile ou par notre site web, Jeunesse, J\u2019\u00e9coute est toujours ouvert pour les jeunes quel que soit le moment de crise ou de besoin. Les jeunes peuvent communiquer avec nous \u00e0 n\u2019importe quel moment, de la mani\u00e8re qui leur convienne le mieux \u00bb.&nbsp;<\/p>\n\n\n\n<p><strong><a href=\"https:\/\/suicideactionmontreal.org\/\" target=\"_blank\" rel=\"noreferrer noopener\">Suicide action Montr\u00e9al&nbsp;<\/a><\/strong><\/p>\n\n\n\n<p>\u00ab Suicide Action Montr\u00e9al (SAM) a pour mission de pr\u00e9venir le suicide et ses impacts en assurant l\u2019acc\u00e8s \u00e0 des services de qualit\u00e9 aux personnes suicidaires, \u00e0 leur entourage et aux intervenants qui les c\u00f4toient. De plus, SAM mise sur l\u2019engagement et le d\u00e9veloppement des comp\u00e9tences des individus et des organisations de la communaut\u00e9 \u00bb.<\/p>\n\n\n\n<p><strong><a href=\"https:\/\/www.teljeunes.com\/Accueil\" target=\"_blank\" rel=\"noreferrer noopener\">Tel-Jeunes<\/a><\/strong><\/p>\n\n\n\n<p>\u00ab Tel-Jeunes a pour but d\u2019outiller les jeunes afin de leur permettre d\u2019exercer un meilleur contr\u00f4le sur leur vie. Avec l\u2019intervenant, le jeune amorce une r\u00e9flexion qui l\u2019aidera \u00e0 choisir les comportements qui lui permettront de r\u00e9pondre \u00e0 ses besoins. C\u2019est un service personnalis\u00e9, bas\u00e9 sur le \u00ab ici et maintenant \u00bb. Les outils et les strat\u00e9gies d\u00e9velopp\u00e9s au cours de l\u2019intervention seront utiles \u00e0 long terme pour le jeune \u00bb.<\/p>\n","protected":false},"excerpt":{"rendered":"<p>AQPAMM (Association qu\u00e9b\u00e9coise des parents et amis de la personne atteinte de maladie mentale) \u00ab L\u2019AQPAMM accompagne les familles et l\u2019entourage d\u2019une personne vivant avec un trouble de sant\u00e9 mentale. L\u2019organisme offre information, r\u00e9f\u00e9rencement, et soutien. L\u2019AQPAMM outille ses membres pour permettre une relation saine avec leur proche tout en prenant soin d\u2019eux-m\u00eames. L\u2019AQPAMM contribue [&#8230;]<\/p>\n<p><a class=\"btn btn-secondary understrap-read-more-link\" href=\"https:\/\/formation.aqpamm.ca\/tastaplace\/volet-intervenant%c2%b7e%c2%b7s\/ressources\/\">Lire la suite\u2026<span class=\"screen-reader-text\"> from Ressources<\/span><\/a><\/p>\n","protected":false},"author":1,"featured_media":0,"parent":550,"menu_order":158,"comment_status":"closed","ping_status":"closed","template":"","meta":{"_monsterinsights_skip_tracking":false,"_monsterinsights_sitenote_active":false,"_monsterinsights_sitenote_note":"","_monsterinsights_sitenote_category":0,"footnotes":""},"class_list":["post-806","page","type-page","status-publish","hentry"],"_links":{"self":[{"href":"https:\/\/formation.aqpamm.ca\/tastaplace\/wp-json\/wp\/v2\/pages\/806","targetHints":{"allow":["GET"]}}],"collection":[{"href":"https:\/\/formation.aqpamm.ca\/tastaplace\/wp-json\/wp\/v2\/pages"}],"about":[{"href":"https:\/\/formation.aqpamm.ca\/tastaplace\/wp-json\/wp\/v2\/types\/page"}],"author":[{"embeddable":true,"href":"https:\/\/formation.aqpamm.ca\/tastaplace\/wp-json\/wp\/v2\/users\/1"}],"replies":[{"embeddable":true,"href":"https:\/\/formation.aqpamm.ca\/tastaplace\/wp-json\/wp\/v2\/comments?post=806"}],"version-history":[{"count":2,"href":"https:\/\/formation.aqpamm.ca\/tastaplace\/wp-json\/wp\/v2\/pages\/806\/revisions"}],"predecessor-version":[{"id":817,"href":"https:\/\/formation.aqpamm.ca\/tastaplace\/wp-json\/wp\/v2\/pages\/806\/revisions\/817"}],"up":[{"embeddable":true,"href":"https:\/\/formation.aqpamm.ca\/tastaplace\/wp-json\/wp\/v2\/pages\/550"}],"wp:attachment":[{"href":"https:\/\/formation.aqpamm.ca\/tastaplace\/wp-json\/wp\/v2\/media?parent=806"}],"curies":[{"name":"wp","href":"https:\/\/api.w.org\/{rel}","templated":true}]}}