{"id":811,"date":"2021-03-19T23:00:21","date_gmt":"2021-03-19T22:00:21","guid":{"rendered":"https:\/\/formation.aqpamm.ca\/tastaplace\/?page_id=811"},"modified":"2021-03-24T21:30:48","modified_gmt":"2021-03-24T20:30:48","slug":"conclusion","status":"publish","type":"page","link":"https:\/\/formation.aqpamm.ca\/tastaplace\/volet-intervenant%c2%b7e%c2%b7s\/conclusion\/","title":{"rendered":"F\u00e9licitations!"},"content":{"rendered":"\n<p><strong>F\u00e9licitations!<\/strong><\/p>\n\n\n\n<p>Vous avez termin\u00e9 la formation \u00ab\u00a0\u00c9quipe-toi: accompagne ton ami\u00b7e\u00b7 en sant\u00e9 mentale\u00a0\u00bb<br><\/p>\n\n\n\n<p><strong>Remerciements<\/strong><\/p>\n\n\n\n<p>Nous remercions tous les jeunes ayant particip\u00e9 \u00e0 l\u2019\u00e9laboration de cette formation, vos apports sont pr\u00e9cieux!<\/p>\n\n\n\n<p><em>Coordination du projet<\/em><\/p>\n\n\n\n<p>Marielle Boudreault, intervenante psychosociale et charg\u00e9e de projet, AQPAMM<br>Justine Razafindramboa, M.Sc., coordonnatrice aux op\u00e9rations, AQPAMM<\/p>\n\n\n\n<p><em>Coordination technique&nbsp;<\/em><\/p>\n\n\n\n<p>\u00c9lise Ross-Nadi\u00e9, responsable des communications, AQPAMM<\/p>\n\n\n\n<p><em>Conception du contenu clinique<\/em><\/p>\n\n\n\n<p>Marielle Boudreault, intervenante psychosociale et charg\u00e9e de projet, AQPAMM<br>Justine Razafindramboa, M.Sc., coordonnatrice aux op\u00e9rations, AQPAMM<\/p>\n\n\n\n<p><em>Responsables de la trame p\u00e9dagogique et de la sc\u00e9narisation<\/em><\/p>\n\n\n\n<p>\u00c9lise Ross-Nadi\u00e9, responsable des communications, AQPAMM<br>Natacha Lafontaine, technop\u00e9dagogue du SAE du Coll\u00e8ge Rosemont<\/p>\n\n\n\n<p><em>R\u00e9vision<\/em><\/p>\n\n\n\n<p>Marielle Boudreault, intervenante psychosociale et charg\u00e9e de projet, AQPAMM<br>Justine Razafindramboa, M.Sc., coordonnatrice aux op\u00e9rations AQPAMM<\/p>\n\n\n\n<p><em>Lancement et m\u00e9dias sociaux<\/em><\/p>\n\n\n\n<p>Yann Godbout, responsable des communications, AQPAMM<\/p>\n\n\n\n<p><em>Conception graphique<\/em><\/p>\n\n\n\n<p>Laurence Pilon, Designer graphique et strat\u00e8ge UX<\/p>\n\n\n\n<p><em>D\u00e9veloppement Web<\/em><\/p>\n\n\n\n<p>Nina Ripoll<\/p>\n","protected":false},"excerpt":{"rendered":"<p>F\u00e9licitations! Vous avez termin\u00e9 la formation \u00ab\u00a0\u00c9quipe-toi: accompagne ton ami\u00b7e\u00b7 en sant\u00e9 mentale\u00a0\u00bb Remerciements Nous remercions tous les jeunes ayant particip\u00e9 \u00e0 l\u2019\u00e9laboration de cette formation, vos apports sont pr\u00e9cieux! Coordination du projet Marielle Boudreault, intervenante psychosociale et charg\u00e9e de projet, AQPAMMJustine Razafindramboa, M.Sc., coordonnatrice aux op\u00e9rations, AQPAMM Coordination technique&nbsp; \u00c9lise Ross-Nadi\u00e9, responsable des communications, [&#8230;]<\/p>\n<p><a class=\"btn btn-secondary understrap-read-more-link\" href=\"https:\/\/formation.aqpamm.ca\/tastaplace\/volet-intervenant%c2%b7e%c2%b7s\/conclusion\/\">Lire la suite\u2026<span class=\"screen-reader-text\"> from F\u00e9licitations!<\/span><\/a><\/p>\n","protected":false},"author":1,"featured_media":474,"parent":550,"menu_order":160,"comment_status":"closed","ping_status":"closed","template":"page-featuredImage.php","meta":{"_monsterinsights_skip_tracking":false,"_monsterinsights_sitenote_active":false,"_monsterinsights_sitenote_note":"","_monsterinsights_sitenote_category":0,"footnotes":""},"class_list":["post-811","page","type-page","status-publish","has-post-thumbnail","hentry"],"_links":{"self":[{"href":"https:\/\/formation.aqpamm.ca\/tastaplace\/wp-json\/wp\/v2\/pages\/811","targetHints":{"allow":["GET"]}}],"collection":[{"href":"https:\/\/formation.aqpamm.ca\/tastaplace\/wp-json\/wp\/v2\/pages"}],"about":[{"href":"https:\/\/formation.aqpamm.ca\/tastaplace\/wp-json\/wp\/v2\/types\/page"}],"author":[{"embeddable":true,"href":"https:\/\/formation.aqpamm.ca\/tastaplace\/wp-json\/wp\/v2\/users\/1"}],"replies":[{"embeddable":true,"href":"https:\/\/formation.aqpamm.ca\/tastaplace\/wp-json\/wp\/v2\/comments?post=811"}],"version-history":[{"count":3,"href":"https:\/\/formation.aqpamm.ca\/tastaplace\/wp-json\/wp\/v2\/pages\/811\/revisions"}],"predecessor-version":[{"id":858,"href":"https:\/\/formation.aqpamm.ca\/tastaplace\/wp-json\/wp\/v2\/pages\/811\/revisions\/858"}],"up":[{"embeddable":true,"href":"https:\/\/formation.aqpamm.ca\/tastaplace\/wp-json\/wp\/v2\/pages\/550"}],"wp:featuredmedia":[{"embeddable":true,"href":"https:\/\/formation.aqpamm.ca\/tastaplace\/wp-json\/wp\/v2\/media\/474"}],"wp:attachment":[{"href":"https:\/\/formation.aqpamm.ca\/tastaplace\/wp-json\/wp\/v2\/media?parent=811"}],"curies":[{"name":"wp","href":"https:\/\/api.w.org\/{rel}","templated":true}]}}